{"id":17,"date":"2023-05-08T16:04:20","date_gmt":"2023-05-08T16:04:20","guid":{"rendered":"https:\/\/efficia.com.co\/?page_id=17"},"modified":"2025-05-07T06:40:43","modified_gmt":"2025-05-07T06:40:43","slug":"novedades","status":"publish","type":"page","link":"https:\/\/efficia.com.co\/index.php\/novedades\/","title":{"rendered":"Novedades"},"content":{"rendered":"\t\t<div data-elementor-type=\"wp-page\" data-elementor-id=\"17\" class=\"elementor elementor-17\" data-elementor-post-type=\"page\">\n\t\t\t\t\t\t<section class=\"elementor-section elementor-top-section elementor-element elementor-element-1a2bc80 elementor-section-height-min-height elementor-section-boxed elementor-section-height-default elementor-section-items-middle\" data-id=\"1a2bc80\" data-element_type=\"section\" data-e-type=\"section\" data-settings=\"{&quot;background_background&quot;:&quot;classic&quot;,&quot;shape_divider_bottom&quot;:&quot;triangle&quot;,&quot;shape_divider_bottom_negative&quot;:&quot;yes&quot;}\">\n\t\t\t\t\t\t\t<div class=\"elementor-background-overlay\"><\/div>\n\t\t\t\t\t\t<div class=\"elementor-shape elementor-shape-bottom\" aria-hidden=\"true\" data-negative=\"true\">\n\t\t\t<svg xmlns=\"http:\/\/www.w3.org\/2000\/svg\" viewBox=\"0 0 1000 100\" preserveAspectRatio=\"none\">\n\t<path class=\"elementor-shape-fill\" d=\"M500.2,94.7L0,0v100h1000V0L500.2,94.7z\"\/>\n<\/svg>\t\t<\/div>\n\t\t\t\t\t<div class=\"elementor-container elementor-column-gap-default\">\n\t\t\t\t\t<div class=\"elementor-column elementor-col-100 elementor-top-column elementor-element elementor-element-0ba04d9\" data-id=\"0ba04d9\" data-element_type=\"column\" data-e-type=\"column\">\n\t\t\t<div class=\"elementor-widget-wrap elementor-element-populated\">\n\t\t\t\t\t\t<div class=\"elementor-element elementor-element-225b6e6 elementor-widget-mobile__width-initial elementor-invisible elementor-widget elementor-widget-heading\" data-id=\"225b6e6\" data-element_type=\"widget\" data-e-type=\"widget\" data-settings=\"{&quot;_animation&quot;:&quot;fadeInUp&quot;}\" data-widget_type=\"heading.default\">\n\t\t\t\t<div class=\"elementor-widget-container\">\n\t\t\t\t\t<h1 class=\"elementor-heading-title elementor-size-xl\"><b>Novedades<\/b><\/h1>\t\t\t\t<\/div>\n\t\t\t\t<\/div>\n\t\t\t\t<div class=\"elementor-element elementor-element-d75e2bf elementor-invisible elementor-widget elementor-widget-heading\" data-id=\"d75e2bf\" data-element_type=\"widget\" data-e-type=\"widget\" data-settings=\"{&quot;_animation&quot;:&quot;fadeInUp&quot;,&quot;_animation_delay&quot;:400}\" data-widget_type=\"heading.default\">\n\t\t\t\t<div class=\"elementor-widget-container\">\n\t\t\t\t\t<h2 class=\"elementor-heading-title elementor-size-default\">En nuestro compromiso de brindar un servicio integral y de calidad a nuestros clientes, nos complace compartir las novedades y noticias m\u00e1s recientes en el campo legal.<\/h2>\t\t\t\t<\/div>\n\t\t\t\t<\/div>\n\t\t\t\t<div class=\"elementor-element elementor-element-8e49cef elementor-invisible elementor-widget elementor-widget-image\" data-id=\"8e49cef\" data-element_type=\"widget\" data-e-type=\"widget\" data-settings=\"{&quot;_animation&quot;:&quot;pulse&quot;}\" data-widget_type=\"image.default\">\n\t\t\t\t<div class=\"elementor-widget-container\">\n\t\t\t\t\t\t\t\t\t\t\t\t\t\t\t\t<a href=\"#about\">\n\t\t\t\t\t\t\t<img fetchpriority=\"high\" decoding=\"async\" width=\"300\" height=\"300\" src=\"https:\/\/efficia.com.co\/wp-content\/uploads\/2023\/05\/arrow.png\" class=\"attachment-full size-full wp-image-255\" alt=\"\" srcset=\"https:\/\/efficia.com.co\/wp-content\/uploads\/2023\/05\/arrow.png 300w, https:\/\/efficia.com.co\/wp-content\/uploads\/2023\/05\/arrow-150x150.png 150w\" sizes=\"(max-width: 300px) 100vw, 300px\" \/>\t\t\t\t\t\t\t\t<\/a>\n\t\t\t\t\t\t\t\t\t\t\t\t\t\t\t<\/div>\n\t\t\t\t<\/div>\n\t\t\t\t\t<\/div>\n\t\t<\/div>\n\t\t\t\t\t<\/div>\n\t\t<\/section>\n\t\t\t\t<section class=\"elementor-section elementor-top-section elementor-element elementor-element-75686f11 elementor-section-content-middle elementor-reverse-mobile elementor-section-boxed elementor-section-height-default elementor-section-height-default\" data-id=\"75686f11\" data-element_type=\"section\" data-e-type=\"section\">\n\t\t\t\t\t\t<div class=\"elementor-container elementor-column-gap-no\">\n\t\t\t\t\t<div class=\"elementor-column elementor-col-50 elementor-top-column elementor-element elementor-element-160bbc94\" data-id=\"160bbc94\" data-element_type=\"column\" data-e-type=\"column\">\n\t\t\t<div class=\"elementor-widget-wrap elementor-element-populated\">\n\t\t\t\t\t\t<div class=\"elementor-element elementor-element-23be9eab elementor-widget__width-initial elementor-widget elementor-widget-heading\" data-id=\"23be9eab\" data-element_type=\"widget\" data-e-type=\"widget\" data-widget_type=\"heading.default\">\n\t\t\t\t<div class=\"elementor-widget-container\">\n\t\t\t\t\t<h4 class=\"elementor-heading-title elementor-size-default\">COMPARATIVO PR\u00c1CTICO ENTRE LA SEGUNDA CONVOCATORIA PARA LA REUNI\u00d3N ORDINARIA Y LA REUNI\u00d3N POR DERECHO PROPIO DE ASAMBLEA GENERAL DE ACCIONISTAS O JUNTAS DE SOCIOS<\/h4>\t\t\t\t<\/div>\n\t\t\t\t<\/div>\n\t\t\t\t<div class=\"elementor-element elementor-element-114cb10e elementor-widget elementor-widget-text-editor\" data-id=\"114cb10e\" data-element_type=\"widget\" data-e-type=\"widget\" data-widget_type=\"text-editor.default\">\n\t\t\t\t<div class=\"elementor-widget-container\">\n\t\t\t\t\t\t\t\t\t<p>En el \u00e1mbito empresarial, las reuniones de la Asamblea General de Accionistas o las Juntas de Socios son momentos cruciales para la toma de decisiones y el buen funcionamiento de una organizaci\u00f3n. Estas reuniones permiten a los accionistas o socios discutir y aprobar temas importantes relacionados con la empresa, como la aprobaci\u00f3n de estados financieros, elecci\u00f3n de directores, distribuci\u00f3n de dividendos y otros asuntos relevantes.<\/p>\t\t\t\t\t\t\t\t<\/div>\n\t\t\t\t<\/div>\n\t\t\t\t<div class=\"elementor-element elementor-element-6b2279e4 elementor-widget elementor-widget-button\" data-id=\"6b2279e4\" data-element_type=\"widget\" data-e-type=\"widget\" data-widget_type=\"button.default\">\n\t\t\t\t<div class=\"elementor-widget-container\">\n\t\t\t\t\t\t\t\t\t<div class=\"elementor-button-wrapper\">\n\t\t\t\t\t<a class=\"elementor-button elementor-button-link elementor-size-sm elementor-animation-grow\" href=\"https:\/\/www.notinetlegal.com\/comparativo-prctico-entre-la-segunda-convocatoria-para-la-reunin-ordinaria-y-la-reunin-por-derecho-p-1111.html\">\n\t\t\t\t\t\t<span class=\"elementor-button-content-wrapper\">\n\t\t\t\t\t\t\t\t\t<span class=\"elementor-button-text\">Leer Articulo<\/span>\n\t\t\t\t\t<\/span>\n\t\t\t\t\t<\/a>\n\t\t\t\t<\/div>\n\t\t\t\t\t\t\t\t<\/div>\n\t\t\t\t<\/div>\n\t\t\t\t\t<\/div>\n\t\t<\/div>\n\t\t\t\t<div class=\"elementor-column elementor-col-50 elementor-top-column elementor-element elementor-element-6995e9ae\" data-id=\"6995e9ae\" data-element_type=\"column\" data-e-type=\"column\">\n\t\t\t<div class=\"elementor-widget-wrap elementor-element-populated\">\n\t\t\t\t\t\t<div class=\"elementor-element elementor-element-6bcb0dcd elementor-widget elementor-widget-image\" data-id=\"6bcb0dcd\" data-element_type=\"widget\" data-e-type=\"widget\" data-widget_type=\"image.default\">\n\t\t\t\t<div class=\"elementor-widget-container\">\n\t\t\t\t\t\t\t\t\t\t\t\t\t\t\t<img decoding=\"async\" width=\"1000\" height=\"667\" src=\"https:\/\/efficia.com.co\/wp-content\/uploads\/2023\/07\/personas-que-participan-eventos-negocios.jpg\" class=\"attachment-full size-full wp-image-773\" alt=\"\" srcset=\"https:\/\/efficia.com.co\/wp-content\/uploads\/2023\/07\/personas-que-participan-eventos-negocios.jpg 1000w, https:\/\/efficia.com.co\/wp-content\/uploads\/2023\/07\/personas-que-participan-eventos-negocios-300x200.jpg 300w, https:\/\/efficia.com.co\/wp-content\/uploads\/2023\/07\/personas-que-participan-eventos-negocios-768x512.jpg 768w\" sizes=\"(max-width: 1000px) 100vw, 1000px\" \/>\t\t\t\t\t\t\t\t\t\t\t\t\t\t\t<\/div>\n\t\t\t\t<\/div>\n\t\t\t\t\t<\/div>\n\t\t<\/div>\n\t\t\t\t\t<\/div>\n\t\t<\/section>\n\t\t\t\t<section class=\"elementor-section elementor-top-section elementor-element elementor-element-5cab888 elementor-section-boxed elementor-section-height-default elementor-section-height-default\" data-id=\"5cab888\" data-element_type=\"section\" data-e-type=\"section\">\n\t\t\t\t\t\t<div class=\"elementor-container elementor-column-gap-default\">\n\t\t\t\t\t<div class=\"elementor-column elementor-col-50 elementor-top-column elementor-element elementor-element-ef85dce\" data-id=\"ef85dce\" data-element_type=\"column\" data-e-type=\"column\">\n\t\t\t<div class=\"elementor-widget-wrap elementor-element-populated\">\n\t\t\t\t\t\t<div class=\"elementor-element elementor-element-14ec2ce elementor-widget elementor-widget-image\" data-id=\"14ec2ce\" data-element_type=\"widget\" data-e-type=\"widget\" data-widget_type=\"image.default\">\n\t\t\t\t<div class=\"elementor-widget-container\">\n\t\t\t\t\t\t\t\t\t\t\t\t\t\t\t<img decoding=\"async\" width=\"1024\" height=\"683\" src=\"https:\/\/efficia.com.co\/wp-content\/uploads\/2025\/05\/pagina-de-inicio-de-conexion-de-portatil-de-documentos-de-envio-1024x683.jpg\" class=\"attachment-large size-large wp-image-880\" alt=\"\" srcset=\"https:\/\/efficia.com.co\/wp-content\/uploads\/2025\/05\/pagina-de-inicio-de-conexion-de-portatil-de-documentos-de-envio-1024x683.jpg 1024w, https:\/\/efficia.com.co\/wp-content\/uploads\/2025\/05\/pagina-de-inicio-de-conexion-de-portatil-de-documentos-de-envio-300x200.jpg 300w, https:\/\/efficia.com.co\/wp-content\/uploads\/2025\/05\/pagina-de-inicio-de-conexion-de-portatil-de-documentos-de-envio-768x513.jpg 768w, https:\/\/efficia.com.co\/wp-content\/uploads\/2025\/05\/pagina-de-inicio-de-conexion-de-portatil-de-documentos-de-envio-1536x1025.jpg 1536w, https:\/\/efficia.com.co\/wp-content\/uploads\/2025\/05\/pagina-de-inicio-de-conexion-de-portatil-de-documentos-de-envio-2048x1367.jpg 2048w\" sizes=\"(max-width: 1024px) 100vw, 1024px\" \/>\t\t\t\t\t\t\t\t\t\t\t\t\t\t\t<\/div>\n\t\t\t\t<\/div>\n\t\t\t\t\t<\/div>\n\t\t<\/div>\n\t\t\t\t<div class=\"elementor-column elementor-col-50 elementor-top-column elementor-element elementor-element-9591562\" data-id=\"9591562\" data-element_type=\"column\" data-e-type=\"column\">\n\t\t\t<div class=\"elementor-widget-wrap elementor-element-populated\">\n\t\t\t\t\t\t<div class=\"elementor-element elementor-element-f7a82bc elementor-widget elementor-widget-heading\" data-id=\"f7a82bc\" data-element_type=\"widget\" data-e-type=\"widget\" data-widget_type=\"heading.default\">\n\t\t\t\t<div class=\"elementor-widget-container\">\n\t\t\t\t\t<h2 class=\"elementor-heading-title elementor-size-default\">ASPECTOS CLAVES PARA LA APLICACI\u00d3N CORRECTA DE LOS DESCUENTOS A TRABAJADORES<\/h2>\t\t\t\t<\/div>\n\t\t\t\t<\/div>\n\t\t\t\t<div class=\"elementor-element elementor-element-73392cd elementor-widget elementor-widget-heading\" data-id=\"73392cd\" data-element_type=\"widget\" data-e-type=\"widget\" data-widget_type=\"heading.default\">\n\t\t\t\t<div class=\"elementor-widget-container\">\n\t\t\t\t\t<h2 class=\"elementor-heading-title elementor-size-default\"><p style=\"text-align:justify\">La correcta aplicaci\u00f3n de los\ndescuentos a los trabajadores es un aspecto fundamental en la gesti\u00f3n de\nn\u00f3minas, ya que su mala ejecuci\u00f3n puede resultar en errores, confusi\u00f3n o\nincumplimiento de la normativa laboral. Este breve art\u00edculo aborda los aspectos claves y m\u00ednimos que los empleadores deben considerar para garantizar la legalidad, transparencia y equidad en los descuentos a los empleados. Se analizan diferentes tipos de descuentos, como los legales, disciplinarios, por pr\u00e9stamos otorgados por el empleador y por libranzas, embargos o cooperativas. Adem\u00e1s, se detalla el procedimiento para su aplicaci\u00f3n, asegurando que todos los descuentos est\u00e9n debidamente justificados y documentados, respetando los l\u00edmites legales, como el tope de inembargabilidad del salario. Finalmente, se resalta la importancia de evitar errores y sanciones mediante el cumplimiento estricto de la normativa vigente.<\/p><\/h2>\t\t\t\t<\/div>\n\t\t\t\t<\/div>\n\t\t\t\t<div class=\"elementor-element elementor-element-6d9e804 elementor-widget elementor-widget-button\" data-id=\"6d9e804\" data-element_type=\"widget\" data-e-type=\"widget\" data-widget_type=\"button.default\">\n\t\t\t\t<div class=\"elementor-widget-container\">\n\t\t\t\t\t\t\t\t\t<div class=\"elementor-button-wrapper\">\n\t\t\t\t\t<a class=\"elementor-button elementor-button-link elementor-size-sm elementor-animation-grow\" href=\"https:\/\/efficia.com.co\/index.php\/elementor-pagina-881\/\">\n\t\t\t\t\t\t<span class=\"elementor-button-content-wrapper\">\n\t\t\t\t\t\t\t\t\t<span class=\"elementor-button-text\">Leer Articulo<\/span>\n\t\t\t\t\t<\/span>\n\t\t\t\t\t<\/a>\n\t\t\t\t<\/div>\n\t\t\t\t\t\t\t\t<\/div>\n\t\t\t\t<\/div>\n\t\t\t\t\t<\/div>\n\t\t<\/div>\n\t\t\t\t\t<\/div>\n\t\t<\/section>\n\t\t\t\t<\/div>\n\t\t","protected":false},"excerpt":{"rendered":"<p>Novedades En nuestro compromiso de brindar un servicio integral y de calidad a nuestros clientes, nos complace compartir las novedades y noticias m\u00e1s recientes en el campo legal. COMPARATIVO PR\u00c1CTICO ENTRE LA SEGUNDA CONVOCATORIA PARA LA REUNI\u00d3N ORDINARIA Y LA REUNI\u00d3N POR DERECHO PROPIO DE ASAMBLEA GENERAL DE ACCIONISTAS O JUNTAS DE SOCIOS En el &hellip;<\/p>\n<p class=\"read-more\"> <a class=\"\" href=\"https:\/\/efficia.com.co\/index.php\/novedades\/\"> <span class=\"screen-reader-text\">Novedades<\/span> Leer m\u00e1s &raquo;<\/a><\/p>\n","protected":false},"author":1,"featured_media":0,"parent":0,"menu_order":0,"comment_status":"closed","ping_status":"closed","template":"","meta":{"site-sidebar-layout":"no-sidebar","site-content-layout":"page-builder","ast-global-header-display":"","ast-main-header-display":"","ast-hfb-above-header-display":"","ast-hfb-below-header-display":"","ast-hfb-mobile-header-display":"","site-post-title":"disabled","ast-breadcrumbs-content":"","ast-featured-img":"disabled","footer-sml-layout":"","theme-transparent-header-meta":"","adv-header-id-meta":"","stick-header-meta":"","header-above-stick-meta":"","header-main-stick-meta":"","header-below-stick-meta":"","_joinchat":[],"footnotes":""},"class_list":["post-17","page","type-page","status-publish","hentry"],"_links":{"self":[{"href":"https:\/\/efficia.com.co\/index.php\/wp-json\/wp\/v2\/pages\/17"}],"collection":[{"href":"https:\/\/efficia.com.co\/index.php\/wp-json\/wp\/v2\/pages"}],"about":[{"href":"https:\/\/efficia.com.co\/index.php\/wp-json\/wp\/v2\/types\/page"}],"author":[{"embeddable":true,"href":"https:\/\/efficia.com.co\/index.php\/wp-json\/wp\/v2\/users\/1"}],"replies":[{"embeddable":true,"href":"https:\/\/efficia.com.co\/index.php\/wp-json\/wp\/v2\/comments?post=17"}],"version-history":[{"count":25,"href":"https:\/\/efficia.com.co\/index.php\/wp-json\/wp\/v2\/pages\/17\/revisions"}],"predecessor-version":[{"id":909,"href":"https:\/\/efficia.com.co\/index.php\/wp-json\/wp\/v2\/pages\/17\/revisions\/909"}],"wp:attachment":[{"href":"https:\/\/efficia.com.co\/index.php\/wp-json\/wp\/v2\/media?parent=17"}],"curies":[{"name":"wp","href":"https:\/\/api.w.org\/{rel}","templated":true}]}}